{"id":7921,"date":"2021-03-04T11:41:53","date_gmt":"2021-03-04T11:41:53","guid":{"rendered":"https:\/\/www.aqscert.org\/contatto\/"},"modified":"2023-09-08T17:47:57","modified_gmt":"2023-09-08T17:47:57","slug":"contatto","status":"publish","type":"page","link":"https:\/\/www.aqscert.org\/it\/contatto\/","title":{"rendered":"Contatto"},"content":{"rendered":"\t\t<div data-elementor-type=\"wp-page\" data-elementor-id=\"7921\" class=\"elementor elementor-7921 elementor-870\" data-elementor-post-type=\"page\">\n\t\t\t\t\t\t<section class=\"elementor-section elementor-top-section elementor-element elementor-element-41d3ff06 elementor-reverse-tablet elementor-reverse-mobile elementor-section-full_width elementor-section-stretched tm-column-break-ipad-no tm-col-stretched-none elementor-section-height-default elementor-section-height-default\" data-id=\"41d3ff06\" data-element_type=\"section\" data-e-type=\"section\" data-settings=\"{&quot;background_background&quot;:&quot;classic&quot;,&quot;stretch_section&quot;:&quot;section-stretched&quot;}\">\n\t\t\t\t\t\t\t<div class=\"elementor-background-overlay\"><\/div>\n\t\t\t\t\t\t\t<div class=\"elementor-container elementor-column-gap-default\">\n\t\t\t\t\t<div class=\"elementor-column elementor-col-50 elementor-top-column elementor-element elementor-element-e77150d\" data-id=\"e77150d\" data-element_type=\"column\" data-e-type=\"column\">\n\t\t\t<div class=\"elementor-widget-wrap elementor-element-populated\">\n\t\t\t\t\t\t<div class=\"elementor-element elementor-element-3996f59 elementor-widget elementor-widget-shortcode\" data-id=\"3996f59\" data-element_type=\"widget\" data-e-type=\"widget\" data-widget_type=\"shortcode.default\">\n\t\t\t\t<div class=\"elementor-widget-container\">\n\t\t\t\t\t\t\t<div class=\"elementor-shortcode\">\n<div class=\"wpcf7 no-js\" id=\"wpcf7-f8101-o1\" lang=\"it-IT\" dir=\"ltr\" data-wpcf7-id=\"8101\">\n<div class=\"screen-reader-response\"><p role=\"status\" aria-live=\"polite\" aria-atomic=\"true\"><\/p> <ul><\/ul><\/div>\n<form action=\"\/it\/wp-json\/wp\/v2\/pages\/7921#wpcf7-f8101-o1\" method=\"post\" class=\"wpcf7-form init\" aria-label=\"Modulo di contatto\" novalidate=\"novalidate\" data-status=\"init\">\n<fieldset class=\"hidden-fields-container\"><input type=\"hidden\" name=\"_wpcf7\" value=\"8101\" \/><input type=\"hidden\" name=\"_wpcf7_version\" value=\"6.1.5\" \/><input type=\"hidden\" name=\"_wpcf7_locale\" value=\"it_IT\" \/><input type=\"hidden\" name=\"_wpcf7_unit_tag\" value=\"wpcf7-f8101-o1\" \/><input type=\"hidden\" name=\"_wpcf7_container_post\" value=\"0\" \/><input type=\"hidden\" name=\"_wpcf7_posted_data_hash\" value=\"\" \/>\n<\/fieldset>\n<div class=\"cmt-commonform cmt-contact-fablio\">\n\t<div class=\"row\">\n\t\t<div class=\"col-md-4\">\n\t\t\t<p><span class=\"wpcf7-form-control-wrap\" data-name=\"your-name\"><input size=\"40\" maxlength=\"400\" class=\"wpcf7-form-control wpcf7-text wpcf7-validates-as-required\" aria-required=\"true\" aria-invalid=\"false\" placeholder=\"Il tuo nome*\" value=\"\" type=\"text\" name=\"your-name\" \/><\/span>\n\t\t\t<\/p>\n\t\t<\/div>\n\t\t<div class=\"col-md-4\">\n\t\t\t<p><span class=\"wpcf7-form-control-wrap\" data-name=\"your-email\"><input size=\"40\" maxlength=\"400\" class=\"wpcf7-form-control wpcf7-email wpcf7-validates-as-required wpcf7-text wpcf7-validates-as-email\" aria-required=\"true\" aria-invalid=\"false\" placeholder=\"La tua email*\" value=\"\" type=\"email\" name=\"your-email\" \/><\/span>\n\t\t\t<\/p>\n\t\t<\/div>\n\t\t<div class=\"col-md-4\">\n\t\t\t<p><span class=\"wpcf7-form-control-wrap\" data-name=\"your-phone\"><input size=\"40\" maxlength=\"400\" class=\"wpcf7-form-control wpcf7-text wpcf7-validates-as-required\" aria-required=\"true\" aria-invalid=\"false\" placeholder=\"Numero di telefono*\" value=\"\" type=\"text\" name=\"your-phone\" \/><\/span>\n\t\t\t<\/p>\n\t\t<\/div>\n\t<\/div>\n\t<div class=\"row\">\n\t\t<div class=\"col-md-12\">\n\t\t\t<p><span class=\"wpcf7-form-control-wrap\" data-name=\"your-detail\"><textarea cols=\"20\" rows=\"5\" maxlength=\"2000\" class=\"wpcf7-form-control wpcf7-textarea wpcf7-validates-as-required\" aria-required=\"true\" aria-invalid=\"false\" placeholder=\"Message*\" name=\"your-detail\"><\/textarea><\/span>\n\t\t\t<\/p>\n\t\t<\/div>\n\t\t<div class=\"col-md-12 tm-columncenter\">\n\t\t\t<p><span class=\"wpcf7-form-control-wrap\" data-name=\"agrre\"><span class=\"wpcf7-form-control wpcf7-checkbox wpcf7-validates-as-required\"><span class=\"wpcf7-list-item first last\"><label><input type=\"checkbox\" name=\"agrre[]\" value=\"Jam dakord q\u00eb t\u00eb dh\u00ebnat e mia t\u00eb dor\u00ebzuara po mblidhen dhe ruhen.\" \/><span class=\"wpcf7-list-item-label\">Jam dakord q\u00eb t\u00eb dh\u00ebnat e mia t\u00eb dor\u00ebzuara po mblidhen dhe ruhen.<\/span><\/label><\/span><\/span><\/span>\n\t\t\t<\/p>\n\t\t<\/div>\n\t<\/div>\n\t<div class=\"row\">\n\t\t<div class=\"col-md-12 cmt-frm-btn tm-center-text\">\n\t\t\t<p><input class=\"wpcf7-form-control wpcf7-submit has-spinner tm-vc_btn3 tm-vc_general tm-vc_btn3-shape-square tm-vc_btn3-color-skincolor\" type=\"submit\" value=\"D\u00ebrgo tani!\" \/>\n\t\t\t<div class=\"wpcf7-response-output\" aria-hidden=\"true\"><\/div>\n\t\t<\/div>\n\t<\/div>\n<\/div>\n<\/form>\n<\/div>\n<\/div>\n\t\t\t\t\t\t<\/div>\n\t\t\t\t<\/div>\n\t\t\t\t\t<\/div>\n\t\t<\/div>\n\t\t\t\t<div class=\"elementor-column elementor-col-50 elementor-top-column elementor-element elementor-element-49cc6487\" data-id=\"49cc6487\" data-element_type=\"column\" data-e-type=\"column\">\n\t\t\t<div class=\"elementor-widget-wrap elementor-element-populated\">\n\t\t\t\t\t\t<div class=\"elementor-element elementor-element-1de33632 elementor-widget elementor-widget-heading\" data-id=\"1de33632\" data-element_type=\"widget\" data-e-type=\"widget\" data-widget_type=\"heading.default\">\n\t\t\t\t<div class=\"elementor-widget-container\">\n\t\t\t\t\t<h3 class=\"elementor-heading-title elementor-size-default\">Saremo lieti di incontrarvi e collaborarvi. <\/h3>\t\t\t\t<\/div>\n\t\t\t\t<\/div>\n\t\t\t\t<div class=\"elementor-element elementor-element-10428cf elementor-widget elementor-widget-text-editor\" data-id=\"10428cf\" data-element_type=\"widget\" data-e-type=\"widget\" data-widget_type=\"text-editor.default\">\n\t\t\t\t<div class=\"elementor-widget-container\">\n\t\t\t\t\t\t\t\t\t<ul class=\"fusion-checklist fusion-checklist-1\">\n<li class=\"fusion-li-item\">\n<div class=\"fusion-li-item-content\">\n<p style=\"font-weight: 400;\"><span style=\"color: #000000;\"><strong>Albania \u2013 Sede Centrale<\/strong><\/span><\/p>\n<p style=\"font-weight: 400;\"><span style=\"color: #000000;\"><strong>AQSCERT Ltd<\/strong><\/span><br \/><span style=\"color: #000000;\">Via Jusuf Vrioni, palati 1\/ingresso 6\/ Tirana<\/span><br \/><span style=\"color: #000000;\">1001 Tirana<\/span><\/p>\n<p style=\"font-weight: 400;\"><span style=\"color: #000000;\"><a style=\"color: #000000;\" href=\"https:\/\/www.aqscert.org\/\" data-saferedirecturl=\"https:\/\/www.google.com\/url?q=https:\/\/www.aqscert.org&amp;source=gmail&amp;ust=1693086829327000&amp;usg=AOvVaw0Af7MQElgmuY_l7OPsyO4T\">www.aqscert.org<\/a><\/span><br \/><span style=\"color: #000000;\"><a style=\"color: #000000;\" href=\"mailto:info@aqscert.org\">info@aqscert.org<\/a><\/span><\/p>\n<\/div>\n<\/li>\n<\/ul>\n\t\t\t\t\t\t\t\t<\/div>\n\t\t\t\t<\/div>\n\t\t\t\t<div class=\"elementor-element elementor-element-98423b5 elementor-widget elementor-widget-text-editor\" data-id=\"98423b5\" data-element_type=\"widget\" data-e-type=\"widget\" data-widget_type=\"text-editor.default\">\n\t\t\t\t<div class=\"elementor-widget-container\">\n\t\t\t\t\t\t\t\t\t<ul class=\"fusion-checklist fusion-checklist-1\"><li class=\"fusion-li-item\"><div class=\"fusion-li-item-content\"><div class=\"fusion-text\"><div class=\"fusion-text\"><p style=\"font-weight: 400;\"><span style=\"color: #000000;\"><strong>Albania \u2013 PROVE DI LABORATORIO<\/strong><\/span><\/p><p style=\"font-weight: 400;\"><span style=\"color: #000000;\"><strong>AQSCERT Ltd<\/strong><\/span><br \/><span style=\"color: #000000;\">Via Yusuf vrioni palace 1\/Ingresso 1\/ Tirana<\/span><br \/><span style=\"color: #000000;\">1001 Tirana<\/span><\/p><p style=\"font-weight: 400;\"><span style=\"color: #000000;\"><a style=\"color: #000000;\" href=\"https:\/\/www.aqscert.org\/\" data-saferedirecturl=\"https:\/\/www.google.com\/url?q=https:\/\/www.aqscert.org&amp;source=gmail&amp;ust=1693086829327000&amp;usg=AOvVaw0Af7MQElgmuY_l7OPsyO4T\">www.aqscert.org<\/a><\/span><br \/><span style=\"color: #000000;\"><a style=\"color: #000000;\" href=\"mailto:info@aqscert.org\">info@aqscert.org<\/a><\/span><\/p><\/div><\/div><\/div><\/li><\/ul>\t\t\t\t\t\t\t\t<\/div>\n\t\t\t\t<\/div>\n\t\t\t\t<div class=\"elementor-element elementor-element-1e8cc56 elementor-widget elementor-widget-text-editor\" data-id=\"1e8cc56\" data-element_type=\"widget\" data-e-type=\"widget\" data-widget_type=\"text-editor.default\">\n\t\t\t\t<div class=\"elementor-widget-container\">\n\t\t\t\t\t\t\t\t\t<ul class=\"fusion-checklist fusion-checklist-1\">\n<li class=\"fusion-li-item\">\n<div class=\"fusion-li-item-content\">\n<div class=\"fusion-text\">\n<div class=\"fusion-text\">\n<p style=\"font-weight: 400;\"><span style=\"color: #000000;\">Italia <strong>\u2013 filiale di &#8220;<\/strong><strong>Citta&#8217; di Castello (Pg), <\/strong>Italia<\/span><\/p>\n<p style=\"font-weight: 400;\"><span style=\"color: #000000;\"><strong>AQSCERT SRL<\/strong><\/span><br \/><span style=\"color: #000000;\">Via Carlo Liviero N.2\/A<\/span><\/p>\n<p style=\"font-weight: 400;\"><span style=\"color: #000000;\">06012 Citta&#8217; di Castello (Pg), Italia<\/span><\/p>\n<p style=\"font-weight: 400;\"><span style=\"color: #000000;\"><a style=\"color: #000000;\" href=\"https:\/\/www.aqscert.org\/\" data-saferedirecturl=\"https:\/\/www.google.com\/url?q=https:\/\/www.aqscert.org&amp;source=gmail&amp;ust=1693086829327000&amp;usg=AOvVaw0Af7MQElgmuY_l7OPsyO4T\">www.aqscert.org<\/a><\/span><\/p>\n<p style=\"font-weight: 400;\"><span style=\"color: #000000;\"><a style=\"color: #000000;\" href=\"mailto:info@aqscert.org\">info@aqscert.org<\/a><\/span><\/p>\n<p style=\"font-weight: 400;\">\n<\/div>\n<\/div>\n<\/div>\n<\/li>\n<\/ul>\n\t\t\t\t\t\t\t\t<\/div>\n\t\t\t\t<\/div>\n\t\t\t\t<div class=\"elementor-element elementor-element-5a35908 elementor-widget elementor-widget-text-editor\" data-id=\"5a35908\" data-element_type=\"widget\" data-e-type=\"widget\" data-widget_type=\"text-editor.default\">\n\t\t\t\t<div class=\"elementor-widget-container\">\n\t\t\t\t\t\t\t\t\t<ul class=\"fusion-checklist fusion-checklist-1\">\n<li class=\"fusion-li-item\">\n<div class=\"fusion-li-item-content\">\n<div class=\"fusion-text\">\n<div class=\"fusion-text\">\n<p style=\"font-weight: 400;\"><span style=\"color: #000000;\"><strong>Italia \u2013 Filiale Milano, Italia<\/strong><\/span><\/p>\n<p style=\"font-weight: 400;\"><span style=\"color: #000000;\"><strong>AQSCERT SRL<\/strong><\/span><br \/><span style=\"color: #000000;\">Via Pietro Pomponazi N.4<\/span><\/p>\n<p style=\"font-weight: 400;\"><span style=\"color: #000000;\">20141 Milano (Mi), Italia<\/span><\/p>\n<p style=\"font-weight: 400;\"><span style=\"color: #000000;\"><a style=\"color: #000000;\" href=\"https:\/\/www.aqscert.org\/\" data-saferedirecturl=\"https:\/\/www.google.com\/url?q=https:\/\/www.aqscert.org&amp;source=gmail&amp;ust=1693086829327000&amp;usg=AOvVaw0Af7MQElgmuY_l7OPsyO4T\">www.aqscert.org<\/a><\/span><\/p>\n<p style=\"font-weight: 400;\"><span style=\"color: #000000;\"><a style=\"color: #000000;\" href=\"mailto:info@aqscert.org\">info@aqscert.org<\/a><\/span><\/p>\n<\/div>\n<\/div>\n<\/div>\n<\/li>\n<\/ul>\n\t\t\t\t\t\t\t\t<\/div>\n\t\t\t\t<\/div>\n\t\t\t\t\t<\/div>\n\t\t<\/div>\n\t\t\t\t\t<\/div>\n\t\t<\/section>\n\t\t\t\t<section class=\"elementor-section elementor-top-section elementor-element elementor-element-25053f84 elementor-section-full_width elementor-section-stretched tm-column-break-ipad-no tm-col-stretched-none elementor-section-height-default elementor-section-height-default\" data-id=\"25053f84\" data-element_type=\"section\" data-e-type=\"section\" data-settings=\"{&quot;background_background&quot;:&quot;classic&quot;,&quot;stretch_section&quot;:&quot;section-stretched&quot;}\">\n\t\t\t\t\t\t\t<div class=\"elementor-background-overlay\"><\/div>\n\t\t\t\t\t\t\t<div class=\"elementor-container elementor-column-gap-default\">\n\t\t\t\t\t<div class=\"elementor-column elementor-col-100 elementor-top-column elementor-element elementor-element-59942717\" data-id=\"59942717\" data-element_type=\"column\" data-e-type=\"column\">\n\t\t\t<div class=\"elementor-widget-wrap elementor-element-populated\">\n\t\t\t\t\t\t<section class=\"elementor-section elementor-inner-section elementor-element elementor-element-10f636be tm-column-break-ipad-no tm-col-stretched-none elementor-section-boxed elementor-section-height-default elementor-section-height-default\" data-id=\"10f636be\" data-element_type=\"section\" data-e-type=\"section\" data-settings=\"{&quot;motion_fx_motion_fx_scrolling&quot;:&quot;yes&quot;,&quot;motion_fx_translateY_effect&quot;:&quot;yes&quot;,&quot;motion_fx_translateY_speed&quot;:{&quot;unit&quot;:&quot;px&quot;,&quot;size&quot;:&quot;1&quot;,&quot;sizes&quot;:[]},&quot;motion_fx_translateY_affectedRange&quot;:{&quot;unit&quot;:&quot;%&quot;,&quot;size&quot;:&quot;&quot;,&quot;sizes&quot;:{&quot;start&quot;:&quot;0&quot;,&quot;end&quot;:&quot;50&quot;}},&quot;motion_fx_opacity_effect&quot;:&quot;yes&quot;,&quot;motion_fx_opacity_range&quot;:{&quot;unit&quot;:&quot;%&quot;,&quot;size&quot;:&quot;&quot;,&quot;sizes&quot;:{&quot;start&quot;:&quot;0&quot;,&quot;end&quot;:&quot;50&quot;}},&quot;motion_fx_devices&quot;:[&quot;desktop&quot;,&quot;tablet&quot;],&quot;motion_fx_opacity_direction&quot;:&quot;out-in&quot;,&quot;motion_fx_opacity_level&quot;:{&quot;unit&quot;:&quot;px&quot;,&quot;size&quot;:10,&quot;sizes&quot;:[]}}\">\n\t\t\t\t\t\t<div class=\"elementor-container elementor-column-gap-default\">\n\t\t\t\t\t<div class=\"elementor-column elementor-col-33 elementor-inner-column elementor-element elementor-element-663ed990\" data-id=\"663ed990\" data-element_type=\"column\" data-e-type=\"column\" data-settings=\"{&quot;background_background&quot;:&quot;classic&quot;}\">\n\t\t\t<div class=\"elementor-widget-wrap elementor-element-populated\">\n\t\t\t\t\t\t<div class=\"elementor-element elementor-element-37ccc12c elementor-position-top elementor-widget elementor-widget-image-box\" data-id=\"37ccc12c\" data-element_type=\"widget\" data-e-type=\"widget\" data-widget_type=\"image-box.default\">\n\t\t\t\t<div class=\"elementor-widget-container\">\n\t\t\t\t\t<div class=\"elementor-image-box-wrapper\"><figure class=\"elementor-image-box-img\"><img fetchpriority=\"high\" decoding=\"async\" width=\"500\" height=\"434\" src=\"https:\/\/www.aqscert.org\/wp-content\/uploads\/2022\/06\/Phoneicon-1.png\" class=\"attachment-full size-full wp-image-5640\" alt=\"\" data-id=\"5640\" srcset=\"https:\/\/www.aqscert.org\/wp-content\/uploads\/2022\/06\/Phoneicon-1.png 500w, https:\/\/www.aqscert.org\/wp-content\/uploads\/2022\/06\/Phoneicon-1-300x260.png 300w\" sizes=\"(max-width: 500px) 100vw, 500px\" \/><\/figure><div class=\"elementor-image-box-content\"><h3 class=\"elementor-image-box-title\">Chiamata<\/h3><\/div><\/div>\t\t\t\t<\/div>\n\t\t\t\t<\/div>\n\t\t\t\t<div class=\"elementor-element elementor-element-ef7f4f8 elementor-widget elementor-widget-heading\" data-id=\"ef7f4f8\" data-element_type=\"widget\" data-e-type=\"widget\" data-widget_type=\"heading.default\">\n\t\t\t\t<div class=\"elementor-widget-container\">\n\t\t\t\t\t<p class=\"elementor-heading-title elementor-size-large\"><a href=\"tel:+355682096383\">+355 68 2096 383<\/a><\/p>\t\t\t\t<\/div>\n\t\t\t\t<\/div>\n\t\t\t\t\t<\/div>\n\t\t<\/div>\n\t\t\t\t<div class=\"elementor-column elementor-col-33 elementor-inner-column elementor-element elementor-element-772b54c6\" data-id=\"772b54c6\" data-element_type=\"column\" data-e-type=\"column\" data-settings=\"{&quot;background_background&quot;:&quot;classic&quot;}\">\n\t\t\t<div class=\"elementor-widget-wrap elementor-element-populated\">\n\t\t\t\t\t\t<div class=\"elementor-element elementor-element-20626a5f elementor-position-top elementor-widget elementor-widget-image-box\" data-id=\"20626a5f\" data-element_type=\"widget\" data-e-type=\"widget\" data-widget_type=\"image-box.default\">\n\t\t\t\t<div class=\"elementor-widget-container\">\n\t\t\t\t\t<div class=\"elementor-image-box-wrapper\"><figure class=\"elementor-image-box-img\"><img decoding=\"async\" width=\"48\" height=\"72\" src=\"https:\/\/www.aqscert.org\/wp-content\/uploads\/2022\/06\/construction_map_pin-1.png\" class=\"attachment-full size-full wp-image-5913\" alt=\"\" data-id=\"5913\" \/><\/figure><div class=\"elementor-image-box-content\"><h3 class=\"elementor-image-box-title\">Nostra posizione<\/h3><\/div><\/div>\t\t\t\t<\/div>\n\t\t\t\t<\/div>\n\t\t\t\t<div class=\"elementor-element elementor-element-6cd234c elementor-widget elementor-widget-heading\" data-id=\"6cd234c\" data-element_type=\"widget\" data-e-type=\"widget\" data-widget_type=\"heading.default\">\n\t\t\t\t<div class=\"elementor-widget-container\">\n\t\t\t\t\t<p class=\"elementor-heading-title elementor-size-large\"><a href=\"https:\/\/www.google.com\/maps\/place\/AQSCERT+(+Certificatoins+%26Inspection+Body)\/@41.3194004,19.8058937,15z\/data=!4m2!3m1!1s0x0:0x912fa9930e7ed9b1?sa=X&#038;ved=2ahUKEwij5OLAh874AhXdiv0HHbSkCBQQ_BJ6BAg_EAU\">Via Jusuf Vrioni, Tirana, Albania<\/a><\/p>\t\t\t\t<\/div>\n\t\t\t\t<\/div>\n\t\t\t\t\t<\/div>\n\t\t<\/div>\n\t\t\t\t<div class=\"elementor-column elementor-col-33 elementor-inner-column elementor-element elementor-element-171c8c91\" data-id=\"171c8c91\" data-element_type=\"column\" data-e-type=\"column\" data-settings=\"{&quot;background_background&quot;:&quot;classic&quot;}\">\n\t\t\t<div class=\"elementor-widget-wrap elementor-element-populated\">\n\t\t\t\t\t\t<div class=\"elementor-element elementor-element-2bd180bb elementor-position-top elementor-widget elementor-widget-image-box\" data-id=\"2bd180bb\" data-element_type=\"widget\" data-e-type=\"widget\" data-widget_type=\"image-box.default\">\n\t\t\t\t<div class=\"elementor-widget-container\">\n\t\t\t\t\t<div class=\"elementor-image-box-wrapper\"><figure class=\"elementor-image-box-img\"><img decoding=\"async\" width=\"500\" height=\"440\" src=\"https:\/\/www.aqscert.org\/wp-content\/uploads\/2022\/06\/Mail-icon-1.png\" class=\"attachment-full size-full wp-image-5641\" alt=\"\" data-id=\"5641\" srcset=\"https:\/\/www.aqscert.org\/wp-content\/uploads\/2022\/06\/Mail-icon-1.png 500w, https:\/\/www.aqscert.org\/wp-content\/uploads\/2022\/06\/Mail-icon-1-300x264.png 300w\" sizes=\"(max-width: 500px) 100vw, 500px\" \/><\/figure><div class=\"elementor-image-box-content\"><h3 class=\"elementor-image-box-title\"> Mandaci un messaggio<\/h3><\/div><\/div>\t\t\t\t<\/div>\n\t\t\t\t<\/div>\n\t\t\t\t<div class=\"elementor-element elementor-element-43562013 elementor-widget elementor-widget-heading\" data-id=\"43562013\" data-element_type=\"widget\" data-e-type=\"widget\" data-widget_type=\"heading.default\">\n\t\t\t\t<div class=\"elementor-widget-container\">\n\t\t\t\t\t<p class=\"elementor-heading-title elementor-size-large\"><a href=\"mailto:info@aqscert.org?subject=Salve,%20sono%20interessato%20alla%20collaborazione:&#038;\">info@aqscert.org<\/a><\/p>\t\t\t\t<\/div>\n\t\t\t\t<\/div>\n\t\t\t\t\t<\/div>\n\t\t<\/div>\n\t\t\t\t\t<\/div>\n\t\t<\/section>\n\t\t\t\t\t<\/div>\n\t\t<\/div>\n\t\t\t\t\t<\/div>\n\t\t<\/section>\n\t\t\t\t<section class=\"elementor-section elementor-top-section elementor-element elementor-element-37194c19 elementor-section-full_width elementor-section-stretched tm-column-break-ipad-no tm-col-stretched-none elementor-section-height-default elementor-section-height-default\" data-id=\"37194c19\" data-element_type=\"section\" data-e-type=\"section\" data-settings=\"{&quot;stretch_section&quot;:&quot;section-stretched&quot;}\">\n\t\t\t\t\t\t<div class=\"elementor-container elementor-column-gap-default\">\n\t\t\t\t\t<div class=\"elementor-column elementor-col-100 elementor-top-column elementor-element elementor-element-659c40ab\" data-id=\"659c40ab\" data-element_type=\"column\" data-e-type=\"column\">\n\t\t\t<div class=\"elementor-widget-wrap elementor-element-populated\">\n\t\t\t\t\t\t<div class=\"elementor-element elementor-element-3a6f277 elementor-widget elementor-widget-google_maps\" data-id=\"3a6f277\" data-element_type=\"widget\" data-e-type=\"widget\" data-widget_type=\"google_maps.default\">\n\t\t\t\t<div class=\"elementor-widget-container\">\n\t\t\t\t\t\t\t<div class=\"elementor-custom-embed\">\n\t\t\t<iframe loading=\"lazy\"\n\t\t\t\t\tsrc=\"https:\/\/maps.google.com\/maps?q=Rruga%20Jusuf%20Vrioni%2C%20Tirana%2C%20Albania&#038;t=m&#038;z=14&#038;output=embed&#038;iwloc=near\"\n\t\t\t\t\ttitle=\"Rruga Jusuf Vrioni, Tirana, Albania\"\n\t\t\t\t\taria-label=\"Rruga Jusuf Vrioni, Tirana, Albania\"\n\t\t\t><\/iframe>\n\t\t<\/div>\n\t\t\t\t\t\t<\/div>\n\t\t\t\t<\/div>\n\t\t\t\t\t<\/div>\n\t\t<\/div>\n\t\t\t\t\t<\/div>\n\t\t<\/section>\n\t\t\t\t<\/div>\n\t\t","protected":false},"excerpt":{"rendered":"<p>Saremo lieti di incontrarvi e collaborarvi. Albania \u2013 Sede Centrale AQSCERT LtdVia Jusuf Vrioni, palati 1\/ingresso 6\/ Tirana1001 Tirana www.aqscert.orginfo@aqscert.org Albania \u2013 PROVE DI LABORATORIO AQSCERT LtdVia Yusuf vrioni palace 1\/Ingresso 1\/ Tirana1001 Tirana www.aqscert.orginfo@aqscert.org Italia \u2013 filiale di &#8220;Citta&#8217; di Castello (Pg), Italia AQSCERT SRLVia Carlo Liviero N.2\/A 06012 Citta&#8217; di Castello (Pg), Italia &hellip; <a href=\"https:\/\/www.aqscert.org\/it\/contatto\/\" class=\"more-link\">Continue reading <span class=\"screen-reader-text\">Contatto<\/span><\/a><\/p>\n","protected":false},"author":1,"featured_media":0,"parent":0,"menu_order":0,"comment_status":"closed","ping_status":"closed","template":"","meta":{"_eb_attr":"","footnotes":""},"class_list":["post-7921","page","type-page","status-publish","hentry"],"_links":{"self":[{"href":"https:\/\/www.aqscert.org\/it\/wp-json\/wp\/v2\/pages\/7921","targetHints":{"allow":["GET"]}}],"collection":[{"href":"https:\/\/www.aqscert.org\/it\/wp-json\/wp\/v2\/pages"}],"about":[{"href":"https:\/\/www.aqscert.org\/it\/wp-json\/wp\/v2\/types\/page"}],"author":[{"embeddable":true,"href":"https:\/\/www.aqscert.org\/it\/wp-json\/wp\/v2\/users\/1"}],"replies":[{"embeddable":true,"href":"https:\/\/www.aqscert.org\/it\/wp-json\/wp\/v2\/comments?post=7921"}],"version-history":[{"count":19,"href":"https:\/\/www.aqscert.org\/it\/wp-json\/wp\/v2\/pages\/7921\/revisions"}],"predecessor-version":[{"id":8665,"href":"https:\/\/www.aqscert.org\/it\/wp-json\/wp\/v2\/pages\/7921\/revisions\/8665"}],"wp:attachment":[{"href":"https:\/\/www.aqscert.org\/it\/wp-json\/wp\/v2\/media?parent=7921"}],"curies":[{"name":"wp","href":"https:\/\/api.w.org\/{rel}","templated":true}]}}