{"id":7928,"date":"2022-06-27T21:06:48","date_gmt":"2022-06-27T21:06:48","guid":{"rendered":"https:\/\/www.aqscert.org\/il-nostro-marchio\/"},"modified":"2023-08-08T20:30:53","modified_gmt":"2023-08-08T20:30:53","slug":"il-nostro-marchio","status":"publish","type":"page","link":"https:\/\/www.aqscert.org\/it\/il-nostro-marchio\/","title":{"rendered":"Il nostro marchio"},"content":{"rendered":"\t\t<div data-elementor-type=\"wp-page\" data-elementor-id=\"7928\" class=\"elementor elementor-7928 elementor-5693\" data-elementor-post-type=\"page\">\n\t\t\t\t\t\t<section class=\"elementor-section elementor-top-section elementor-element elementor-element-17b78a4 tm-column-break-ipad-no tm-col-stretched-none elementor-section-boxed elementor-section-height-default elementor-section-height-default\" data-id=\"17b78a4\" data-element_type=\"section\" data-e-type=\"section\">\n\t\t\t\t\t\t<div class=\"elementor-container elementor-column-gap-default\">\n\t\t\t\t\t<div class=\"elementor-column elementor-col-100 elementor-top-column elementor-element elementor-element-acc1866\" data-id=\"acc1866\" data-element_type=\"column\" data-e-type=\"column\">\n\t\t\t<div class=\"elementor-widget-wrap elementor-element-populated\">\n\t\t\t\t\t\t<div class=\"elementor-element elementor-element-1bbf574 elementor-widget elementor-widget-text-editor\" data-id=\"1bbf574\" data-element_type=\"widget\" data-e-type=\"widget\" data-widget_type=\"text-editor.default\">\n\t\t\t\t<div class=\"elementor-widget-container\">\n\t\t\t\t\t\t\t\t\t<h3 data-fontsize=\"20\" data-lineheight=\"29\"><em>Il nostro marchio<\/em><\/h3>\n<p><strong> <\/strong><\/p>\n<ul>\n<li>Crediamo che un&#8217;attivit\u00e0 che non ha successo nel luogo in cui nasce non possa avere successo in altre aree geografiche o in altri luoghi;<\/li>\n<li>Abbiamo successo perch\u00e9 siamo uno di voi.<\/li>\n<li>Crediamo che quando il cambio di nome dell&#8217;azienda \u00e8 il mezzo per rimanere sul mercato, significa che \u00e8 tempo di cambiare anche la professione.<\/li>\n<li>In un mondo in continua evoluzione, la trasformazione \u00e8 l&#8217;unica forma per stare al passo con il tempo.<\/li>\n<li>Crediamo nei valori e nella competenza delle persone con cui il nostro cliente lavora;<\/li>\n<li>Crediamo che la qualit\u00e0 non sia un semplice prodotto importato da un paese all&#8217;altro, sia un valore creato e perfezionato nel luogo in cui questa attivit\u00e0 viene svolta e con il personale che la svolge;<\/li>\n<li>Crediamo che la migliore competenza tecnica risieda in quei luoghi in cui viene svolta l&#8217;attivit\u00e0, indipendentemente dalla posizione geografica, dall&#8217;etnia o dal colore;<\/li>\n<li>Confidiamo fortemente nelle risorse interne di un&#8217;azienda cliente, crediamo anche nella competenza e nelle capacit\u00e0 del pubblico, intellettuali, tecnici, esperti del paese in cui si svolge la nostra attivit\u00e0;<\/li>\n<\/ul>\n<p>Lo sviluppo del logo aqscert \u00e8 stato trasposto dalla lettera d&#8217;oro &#8220;Q&#8221;, che esprimeva servizi di qualit\u00e0 &#8220;QUALITY&#8221; con il segno &#8220;\u221a&#8221; al centro in &#8220;AQScert&#8221;.<\/p>\n<p>Il nostro nuovo logo rappresenta la nostra visione e identit\u00e0 e ha delineato l&#8217;attivit\u00e0, la politica e la missione di AQSCERT.<\/p>\n<p>Le prime lettere AQS rappresentano nell&#8217;ottica della nostra attivit\u00e0 Ambiente, Qualit\u00e0 e Sicurezza come tre aree principali della nostra attivit\u00e0. La scritta &#8220;CERT&#8221;, con la scritta &#8220;certifications &amp; inspections&#8221; sullo sfondo dorato, rappresenta la nostra missione nel miglioramento continuo delle attivit\u00e0.<\/p>\n<p>Il segno &#8220;\u221a&#8221; sopra la lettera &#8220;A&#8221; indica che le nostre valutazioni e qualit\u00e0 dal punto di vista figurativo si estendono a tutte le aree dalla &#8220;A&#8221; alla &#8220;Z&#8221; in un continuo aggiornamento e in un ciclo che non si chiude mai.<\/p>\n<p>Il logo dal punto di vista albanese \u00e8 espresso anche come &#8220;Albanian Quality Services&#8221;.<\/p>\n\t\t\t\t\t\t\t\t<\/div>\n\t\t\t\t<\/div>\n\t\t\t\t\t<\/div>\n\t\t<\/div>\n\t\t\t\t\t<\/div>\n\t\t<\/section>\n\t\t\t\t<\/div>\n\t\t","protected":false},"excerpt":{"rendered":"<p>Il nostro marchio Crediamo che un&#8217;attivit\u00e0 che non ha successo nel luogo in cui nasce non possa avere successo in altre aree geografiche o in altri luoghi; Abbiamo successo perch\u00e9 siamo uno di voi. Crediamo che quando il cambio di nome dell&#8217;azienda \u00e8 il mezzo per rimanere sul mercato, significa che \u00e8 tempo di cambiare &hellip; <a href=\"https:\/\/www.aqscert.org\/it\/il-nostro-marchio\/\" class=\"more-link\">Continue reading <span class=\"screen-reader-text\">Il nostro marchio<\/span><\/a><\/p>\n","protected":false},"author":1,"featured_media":0,"parent":0,"menu_order":0,"comment_status":"closed","ping_status":"closed","template":"","meta":{"_eb_attr":"","footnotes":""},"class_list":["post-7928","page","type-page","status-publish","hentry"],"_links":{"self":[{"href":"https:\/\/www.aqscert.org\/it\/wp-json\/wp\/v2\/pages\/7928","targetHints":{"allow":["GET"]}}],"collection":[{"href":"https:\/\/www.aqscert.org\/it\/wp-json\/wp\/v2\/pages"}],"about":[{"href":"https:\/\/www.aqscert.org\/it\/wp-json\/wp\/v2\/types\/page"}],"author":[{"embeddable":true,"href":"https:\/\/www.aqscert.org\/it\/wp-json\/wp\/v2\/users\/1"}],"replies":[{"embeddable":true,"href":"https:\/\/www.aqscert.org\/it\/wp-json\/wp\/v2\/comments?post=7928"}],"version-history":[{"count":1,"href":"https:\/\/www.aqscert.org\/it\/wp-json\/wp\/v2\/pages\/7928\/revisions"}],"predecessor-version":[{"id":7929,"href":"https:\/\/www.aqscert.org\/it\/wp-json\/wp\/v2\/pages\/7928\/revisions\/7929"}],"wp:attachment":[{"href":"https:\/\/www.aqscert.org\/it\/wp-json\/wp\/v2\/media?parent=7928"}],"curies":[{"name":"wp","href":"https:\/\/api.w.org\/{rel}","templated":true}]}}