{"id":7947,"date":"2022-06-27T20:55:04","date_gmt":"2022-06-27T20:55:04","guid":{"rendered":"https:\/\/www.aqscert.org\/missione-visione\/"},"modified":"2023-08-08T21:18:27","modified_gmt":"2023-08-08T21:18:27","slug":"missione-visione","status":"publish","type":"page","link":"https:\/\/www.aqscert.org\/it\/missione-visione\/","title":{"rendered":"Missione &amp; Visione"},"content":{"rendered":"\t\t<div data-elementor-type=\"wp-page\" data-elementor-id=\"7947\" class=\"elementor elementor-7947 elementor-5665\" data-elementor-post-type=\"page\">\n\t\t\t\t\t\t<section class=\"elementor-section elementor-top-section elementor-element elementor-element-82251a1 tm-column-break-ipad-no tm-col-stretched-none elementor-section-boxed elementor-section-height-default elementor-section-height-default\" data-id=\"82251a1\" data-element_type=\"section\" data-e-type=\"section\">\n\t\t\t\t\t\t<div class=\"elementor-container elementor-column-gap-default\">\n\t\t\t\t\t<div class=\"elementor-column elementor-col-100 elementor-top-column elementor-element elementor-element-86b6d5c\" data-id=\"86b6d5c\" data-element_type=\"column\" data-e-type=\"column\">\n\t\t\t<div class=\"elementor-widget-wrap elementor-element-populated\">\n\t\t\t\t\t\t<div class=\"elementor-element elementor-element-3823ac7 elementor-widget elementor-widget-text-editor\" data-id=\"3823ac7\" data-element_type=\"widget\" data-e-type=\"widget\" data-widget_type=\"text-editor.default\">\n\t\t\t\t<div class=\"elementor-widget-container\">\n\t\t\t\t\t\t\t\t\t<p><strong><em>&#8220;AQSCERT opera nel campo delle certificazioni internazionali per contribuire in modo reattivo allo sviluppo sostenibile, mantenendo un elevato livello di competenza tecnico-scientifica e seriet\u00e0 operativa nei settori legati all&#8217;uomo e all&#8217;ambiente, all&#8217;agricoltura, all&#8217;alimentazione, al turismo, al territorio, alla formazione e ai servizi a persone e imprese.&#8221;<\/em><\/strong><\/p>\n<p>La missione rappresenta l&#8217;aspirazione, lo stile e i valori con cui AQSCERT opera.<\/p>\n<p>L&#8217;aspirazione \u00e8 sempre perfezione, miglioramento continuo, andare oltre, innovare. Lo stile \u00e8 la scelta di responsabilit\u00e0 verso l&#8217;uomo e l&#8217;ambiente, con esperienza sia nel fornire servizi che a loro volta responsabilizzano le organizzazioni verso il consumatore, il mercato, l&#8217;ambiente, sia nella qualit\u00e0 del modo in cui operano. I valori speciali sono tratti dalle tradizioni stesse: la responsabilit\u00e0 e la seriet\u00e0 che sono nel DNA di AQSCERT. Ci avvaliamo del contributo dei migliori professionisti, formando una squadra eccellente, prendendo sempre importanti quote necessarie in ricerca e sviluppo, non accettando mai di diminuire la qualit\u00e0 dell&#8217;operatore stesso.<\/p>\n<p>Da tutto ci\u00f2 emerge che le strategie di sviluppo di AQSCERT, focalizzate su:<\/p>\n<p>Migliorare l&#8217;efficienza e il livello di qualit\u00e0,<\/p>\n<p>Mantenere la leadership,<\/p>\n<p>Focus sull&#8217;innovazione,<\/p>\n<p>Sviluppo dell&#8217;internazionalizzazione<\/p>\n<p>\u2013 Rafforzare le relazioni con i partner e le parti interessate,<\/p>\n<p>Trattare il cliente come un tutt&#8217;uno.<\/p>\n\t\t\t\t\t\t\t\t<\/div>\n\t\t\t\t<\/div>\n\t\t\t\t\t<\/div>\n\t\t<\/div>\n\t\t\t\t\t<\/div>\n\t\t<\/section>\n\t\t\t\t<\/div>\n\t\t","protected":false},"excerpt":{"rendered":"<p>&#8220;AQSCERT opera nel campo delle certificazioni internazionali per contribuire in modo reattivo allo sviluppo sostenibile, mantenendo un elevato livello di competenza tecnico-scientifica e seriet\u00e0 operativa nei settori legati all&#8217;uomo e all&#8217;ambiente, all&#8217;agricoltura, all&#8217;alimentazione, al turismo, al territorio, alla formazione e ai servizi a persone e imprese.&#8221; La missione rappresenta l&#8217;aspirazione, lo stile e i valori &hellip; <a href=\"https:\/\/www.aqscert.org\/it\/missione-visione\/\" class=\"more-link\">Continue reading <span class=\"screen-reader-text\">Missione &amp; Visione<\/span><\/a><\/p>\n","protected":false},"author":1,"featured_media":0,"parent":0,"menu_order":0,"comment_status":"closed","ping_status":"closed","template":"","meta":{"_eb_attr":"","footnotes":""},"class_list":["post-7947","page","type-page","status-publish","hentry"],"_links":{"self":[{"href":"https:\/\/www.aqscert.org\/it\/wp-json\/wp\/v2\/pages\/7947","targetHints":{"allow":["GET"]}}],"collection":[{"href":"https:\/\/www.aqscert.org\/it\/wp-json\/wp\/v2\/pages"}],"about":[{"href":"https:\/\/www.aqscert.org\/it\/wp-json\/wp\/v2\/types\/page"}],"author":[{"embeddable":true,"href":"https:\/\/www.aqscert.org\/it\/wp-json\/wp\/v2\/users\/1"}],"replies":[{"embeddable":true,"href":"https:\/\/www.aqscert.org\/it\/wp-json\/wp\/v2\/comments?post=7947"}],"version-history":[{"count":1,"href":"https:\/\/www.aqscert.org\/it\/wp-json\/wp\/v2\/pages\/7947\/revisions"}],"predecessor-version":[{"id":7951,"href":"https:\/\/www.aqscert.org\/it\/wp-json\/wp\/v2\/pages\/7947\/revisions\/7951"}],"wp:attachment":[{"href":"https:\/\/www.aqscert.org\/it\/wp-json\/wp\/v2\/media?parent=7947"}],"curies":[{"name":"wp","href":"https:\/\/api.w.org\/{rel}","templated":true}]}}