{"id":7981,"date":"2022-06-27T20:50:20","date_gmt":"2022-06-27T20:50:20","guid":{"rendered":"https:\/\/www.aqscert.org\/politica-per-la-qualita\/"},"modified":"2023-09-21T07:17:54","modified_gmt":"2023-09-21T07:17:54","slug":"politica-per-la-qualita","status":"publish","type":"page","link":"https:\/\/www.aqscert.org\/it\/politica-per-la-qualita\/","title":{"rendered":"Politica per la Qualit\u00e0"},"content":{"rendered":"\t\t<div data-elementor-type=\"wp-page\" data-elementor-id=\"7981\" class=\"elementor elementor-7981 elementor-5658\" data-elementor-post-type=\"page\">\n\t\t\t\t\t\t<section class=\"elementor-section elementor-top-section elementor-element elementor-element-2e057e0 tm-column-break-ipad-no tm-col-stretched-none elementor-section-boxed elementor-section-height-default elementor-section-height-default\" data-id=\"2e057e0\" data-element_type=\"section\" data-e-type=\"section\">\n\t\t\t\t\t\t<div class=\"elementor-container elementor-column-gap-default\">\n\t\t\t\t\t<div class=\"elementor-column elementor-col-100 elementor-top-column elementor-element elementor-element-d1e9338\" data-id=\"d1e9338\" data-element_type=\"column\" data-e-type=\"column\">\n\t\t\t<div class=\"elementor-widget-wrap elementor-element-populated\">\n\t\t\t\t\t\t<div class=\"elementor-element elementor-element-e5b06a3 elementor-widget elementor-widget-text-editor\" data-id=\"e5b06a3\" data-element_type=\"widget\" data-e-type=\"widget\" data-widget_type=\"text-editor.default\">\n\t\t\t\t<div class=\"elementor-widget-container\">\n\t\t\t\t\t\t\t\t\t<div class=\"fusion-text\">\n<div>\n<p><strong><br \/>\n  <em>Il Sistema di Gestione Aqscert \u00e8 orientato a preservare e garantire i seguenti aspetti<\/em><br \/>\n<\/strong>:<\/p>\n<p>\u2013 Conformit\u00e0 agli standard normativi per l&#8217;istituzione e il funzionamento degli organismi di certificazione al fine di ottenere e mantenere i necessari accreditamenti\/approvazioni;<\/p>\n<p>Conformarsi alle norme normative per l&#8217;istituzione e il funzionamento degli organismi di ispezione (escluse le aree di produzione &#8220;DOP\/IGP\/STG&#8221;), al fine di ottenere e mantenere i necessari accreditamenti\/omologazioni;<\/p>\n<p>\u2013 Implementare attivit\u00e0 di certificazione e ispezione per garantire la competenza a tutti i livelli;<\/p>\n<p>&#8211; Utilizzo di personale qualificato per lavorare in piena indipendenza;<\/p>\n<p>Formazione e informazione del personale sulle attivit\u00e0 di certificazione e ispezione previste;<\/p>\n<p>\u2013 Utilizzo di laboratori di prova accreditati\/qualificati;<\/p>\n<p>Ricorso a periti ed esperti tecnici in possesso dei requisiti di competenza e delle caratteristiche personali richieste dalla normativa internazionale e nazionale. Infine, sono soggetti a selezione e monitoraggio al fine di valutare queste caratteristiche, nonch\u00e9 a una formazione pianificata durante il periodo in cui agiscono per conto di AQSCERT.<\/p>\n<p>L&#8217;impiego di ispettori che soddisfino le competenze personali e le caratteristiche richieste dalla legge internazionale e nazionale e\/o nel caso di attivit\u00e0 ispettiva viene effettuato al di fuori di requisiti di terza categoria o concordati dai clienti.<\/p>\n<p>&#8211; L&#8217;indipendenza e l&#8217;imparzialit\u00e0 delle funzioni e del personale utilizzato nelle attivit\u00e0 di certificazione, tra cui;<\/p>\n<p>&#8211; la completa separazione dell&#8217;indipendenza e dell&#8217;imparzialit\u00e0 tra le funzioni che propongono e subordinano la certificazione e gli organi che mantengono l&#8217;imparzialit\u00e0;<\/p>\n<p>&#8211; Stabilire l&#8217;assoluta indipendenza e imparzialit\u00e0 del Comitato per la difesa e l&#8217;imparzialit\u00e0, il comitato rappresentativo delle parti interessate e degli elementi che garantiscono l&#8217;imparzialit\u00e0 e l&#8217;indipendenza di <strong>AQSCERT;<\/strong><\/p>\n<p>&#8211; l&#8217;indipendenza e l&#8217;imparzialit\u00e0 delle funzioni e del personale ispettivo da parte della struttura organizzativa e l&#8217;utilizzo di procedure documentate;<\/p>\n<p>&#8211; Rispetto delle norme e delle leggi stabilite in materia di affidabilit\u00e0 e sicurezza dei dati e dei registri;<\/p>\n<p>&#8211; Assoluta trasparenza nelle attivit\u00e0 di certificazione e ispezione<\/p>\n<p>\u2013 Rispettare il calendario nelle procedure per lo svolgimento di indagini preliminari, ispezioni e monitoraggio della certificazione;<\/p>\n<p>&#8211; Rispetto delle condizioni di fornitura dei servizi di certificazione e ispezione da parte dei richiedenti\/aziende e di AQSCERT;<\/p>\n<p>Garantire che qualsiasi persona qualificata e che richieda un servizio nel campo delle attivit\u00e0 di AQSCERT possa accedere agli schemi di ispezione e certificazione (ad eccezione di quelli esclusi sopra);<\/p>\n<p>Istituire un Comitato di Appello indipendente per la gestione dei reclami sulle attivit\u00e0 di certificazione, evitando, per quanto possibile, la presenza di situazioni che possano portare a reclami da parte del Richiedente, dell&#8217;Organizzazione o di terzi;<\/p>\n<p>&#8211; Accettazione dei pareri espressi dal Comitato per i reclami e attuazione delle azioni successive;<\/p>\n<p>Perseguire la massima soddisfazione del richiedente\/organizzazione nelle attivit\u00e0 di certificazione e ispezione<\/p>\n<p>Accesso ai mezzi di reclamo,<\/p>\n<p>Risposta rapida e appropriata ai reclami presentati dai richiedenti \/ organizzazioni;<\/p>\n<p>Individuare le azioni appropriate per migliorare il servizio erogato nel tempo, e l&#8217;immediata incorporazione di questionari per valutare la soddisfazione del cliente;<\/p>\n<p>Verifica del rispetto delle disposizioni della politica per la qualit\u00e0&#8221; e raggiungimento degli obiettivi attraverso audit interni;<\/p>\n<p>Valutazione periodica adeguata alle linee guida e agli obiettivi stabiliti dalle revisioni periodiche dirette e pianificate.<\/p>\n<p>&#8211; l&#8217;esecuzione delle spese speciali, definite nelle relative tariffe, adottate dagli organismi preposti, garantendo equit\u00e0 e uniformit\u00e0;<\/p>\n<\/div>\n<\/div>\n<div class=\"fusion-content-boxes content-boxes columns row fusion-columns-1 fusion-columns-total-1 fusion-content-boxes-1 content-boxes-icon-with-title content-left\" data-animationoffset=\"100%\">\n<div class=\"fusion-column content-box-column content-box-column content-box-column-1 col-lg-12 col-md-12 col-sm-12 fusion-content-box-hover content-box-column-last\">\n<div class=\"col content-wrapper link-area-box icon-hover-animation-pulsate\" data-animationoffset=\"100%\">\n<div class=\"fusion-clearfix\"> <\/div>\n<div class=\"content-container\">\n<p><a href=\"https:\/\/www.aqscert.org\/wp-content\/uploads\/2023\/09\/PO-001-POLITIKA-E-CILESISE.pdf\">Politica per la qualit\u00e0<\/a> . Pdf.  <strong>[Download] <\/strong><\/p>\n<\/div>\n<\/div>\n<\/div>\n<\/div>\n\t\t\t\t\t\t\t\t<\/div>\n\t\t\t\t<\/div>\n\t\t\t\t\t<\/div>\n\t\t<\/div>\n\t\t\t\t\t<\/div>\n\t\t<\/section>\n\t\t\t\t<\/div>\n\t\t","protected":false},"excerpt":{"rendered":"<p>Il Sistema di Gestione Aqscert \u00e8 orientato a preservare e garantire i seguenti aspetti : \u2013 Conformit\u00e0 agli standard normativi per l&#8217;istituzione e il funzionamento degli organismi di certificazione al fine di ottenere e mantenere i necessari accreditamenti\/approvazioni; Conformarsi alle norme normative per l&#8217;istituzione e il funzionamento degli organismi di ispezione (escluse le aree di &hellip; <a href=\"https:\/\/www.aqscert.org\/it\/politica-per-la-qualita\/\" class=\"more-link\">Continue reading <span class=\"screen-reader-text\">Politica per la Qualit\u00e0<\/span><\/a><\/p>\n","protected":false},"author":1,"featured_media":0,"parent":0,"menu_order":0,"comment_status":"closed","ping_status":"closed","template":"elementor_header_footer","meta":{"_eb_attr":"","footnotes":""},"class_list":["post-7981","page","type-page","status-publish","hentry"],"_links":{"self":[{"href":"https:\/\/www.aqscert.org\/it\/wp-json\/wp\/v2\/pages\/7981","targetHints":{"allow":["GET"]}}],"collection":[{"href":"https:\/\/www.aqscert.org\/it\/wp-json\/wp\/v2\/pages"}],"about":[{"href":"https:\/\/www.aqscert.org\/it\/wp-json\/wp\/v2\/types\/page"}],"author":[{"embeddable":true,"href":"https:\/\/www.aqscert.org\/it\/wp-json\/wp\/v2\/users\/1"}],"replies":[{"embeddable":true,"href":"https:\/\/www.aqscert.org\/it\/wp-json\/wp\/v2\/comments?post=7981"}],"version-history":[{"count":5,"href":"https:\/\/www.aqscert.org\/it\/wp-json\/wp\/v2\/pages\/7981\/revisions"}],"predecessor-version":[{"id":8690,"href":"https:\/\/www.aqscert.org\/it\/wp-json\/wp\/v2\/pages\/7981\/revisions\/8690"}],"wp:attachment":[{"href":"https:\/\/www.aqscert.org\/it\/wp-json\/wp\/v2\/media?parent=7981"}],"curies":[{"name":"wp","href":"https:\/\/api.w.org\/{rel}","templated":true}]}}