{"id":8009,"date":"2023-01-05T14:21:26","date_gmt":"2023-01-05T14:21:26","guid":{"rendered":"https:\/\/www.aqscert.org\/audit-del-ii\/"},"modified":"2023-08-25T22:33:04","modified_gmt":"2023-08-25T22:33:04","slug":"audit-del-ii","status":"publish","type":"page","link":"https:\/\/www.aqscert.org\/it\/audit-del-ii\/","title":{"rendered":"Audit del II"},"content":{"rendered":"<div class=\"wpb-content-wrapper\"><p>[vc_row tm_bgimagefixed=&#8221;&#8221;][vc_column][vc_column_text]<span style=\"color: #000000;\">Nj\u00eb auditim \u00ebsht\u00eb padyshim m\u00ebnyra m\u00eb e menj\u00ebhershme dhe m\u00eb e plot\u00eb p\u00ebr t\u00eb kontrolluar nj\u00eb sistem menaxhimi. I p\u00ebrb\u00ebr\u00eb nga nj\u00eb s\u00ebr\u00eb aktivitetesh q\u00eb i atribuohen verifikimit t\u00eb p\u00ebrputhshm\u00ebris\u00eb s\u00eb k\u00ebsaj t\u00eb fundit, ai p\u00ebrb\u00ebhet nga nj\u00eb s\u00ebr\u00eb procedurash q\u00eb synojn\u00eb t\u00eb garantojn\u00eb funksionimin efektiv t\u00eb proceseve.<\/span><br \/>\n<span style=\"color: #000000;\">Disiplina mbi k\u00ebt\u00eb tem\u00eb na lejon t\u00eb b\u00ebjm\u00eb dallimin midis auditimeve t\u00eb pal\u00ebs s\u00eb par\u00eb, auditimeve t\u00eb pal\u00ebs s\u00eb dyt\u00eb dhe auditimeve t\u00eb pal\u00ebve t\u00eb treta.<\/span><\/p>\n<p><span style=\"color: #000000;\">Globalizimi i tregjeve dhe p\u00ebrdorimi n\u00eb rritje i burimeve t\u00eb jashtme i b\u00ebjn\u00eb zinxhir\u00ebt e furnizimit gjithnj\u00eb e m\u00eb t\u00eb artikuluar dhe kompleks, duke e b\u00ebr\u00eb m\u00eb t\u00eb v\u00ebshtir\u00eb p\u00ebr kompanit\u00eb q\u00eb t\u00eb ken\u00eb nj\u00eb pamje t\u00eb plot\u00eb t\u00eb niveleve t\u00eb ndryshme t\u00eb zinxhirit t\u00eb tyre t\u00eb furnizimit.<\/span><br \/>\n<span style=\"color: #000000;\">Por \u00ebsht\u00eb pik\u00ebrisht nd\u00ebr hallkat m\u00eb t\u00eb larg\u00ebta t\u00eb zinxhirit t\u00eb furnizimit q\u00eb shpesh fshihen rreziqet m\u00eb tin\u00ebzare, t\u00eb afta t\u00eb rrezikojn\u00eb reputacionin e kompanis\u00eb n\u00eb treg. Njohja e zinxhirit t\u00eb furnizimit \u00ebsht\u00eb, n\u00eb k\u00ebt\u00eb kuptim, strategjia e par\u00eb e menaxhimit t\u00eb rrezikut. Nj\u00eb aktivitet sistematik i nd\u00ebrgjegj\u00ebsimit, p\u00ebrfshirjes dhe monitorimit t\u00eb furnitor\u00ebve b\u00ebhet nj\u00eb strategji afatmesme\/gjat\u00eb e aft\u00eb jo vet\u00ebm p\u00ebr t\u00eb kufizuar rrezikun, por dhe mbi t\u00eb gjitha p\u00ebr t\u00eb gjeneruar kultur\u00eb dhe zhvillim, n\u00eb dobi t\u00eb t\u00eb gjith\u00eb zinxhirit t\u00eb furnizimit.<\/span><br \/>\n<span style=\"color: #000000;\">Auditimi i pal\u00ebs s\u00eb dyt\u00eb p\u00ebrb\u00ebhet nga nj\u00eb s\u00ebr\u00eb aktivitetesh vler\u00ebsimi ad hoc p\u00ebr \u00e7do kompani p\u00ebr t\u00eb verifikuar n\u00ebse furnitor\u00ebt mbajn\u00eb disa standarde t\u00eb cil\u00ebsis\u00eb s\u00eb produktit ose sh\u00ebrbimit. Prandaj, t\u00eb kryera nga vler\u00ebsues ekspert\u00eb dhe t\u00eb kualifikuar, auditimet u ofrojn\u00eb kompanive n\u00eb \u00e7do sektor produkti nj\u00eb mjet efektiv, fleksib\u00ebl dhe t\u00eb shpejt\u00eb p\u00ebr t\u00eb p\u00ebrmir\u00ebsuar cil\u00ebsin\u00eb e ofert\u00ebs s\u00eb tyre n\u00ebp\u00ebrmjet respektimit t\u00eb standardeve t\u00eb p\u00ebrcaktuara dhe rritjes s\u00eb imazhit institucional.<\/span><br \/>\n<span style=\"color: #000000;\">Si pjes\u00eb e k\u00ebtij sh\u00ebrbimi, AQSCERT srl \u00ebsht\u00eb n\u00eb gjendje t\u00eb operoj\u00eb n\u00eb disa nivele. N\u00eb ve\u00e7anti, \u00ebsht\u00eb n\u00eb gjendje t\u00eb zhvilloj\u00eb nj\u00eb projekt t\u00eb personalizuar p\u00ebr klientin, duke identifikuar nevojat kryesore, duke p\u00ebrcaktuar nj\u00eb metodologji analize dhe duke kryer kontrollet, ose t&#8217;u p\u00ebrmbahet specifikimeve t\u00eb paracaktuara nga organizata p\u00ebr t\u00eb kryer vet\u00ebm planifikimin dhe analizat. N\u00eb t\u00eb dyja rastet, pavar\u00ebsia e personit q\u00eb kryen auditimin siguron nj\u00eb rezultat objektiv dhe t\u00eb p\u00ebrpikt\u00eb dhe nj\u00eb reduktim t\u00eb kostove dhe burimeve t\u00eb dedikuara nga kompania.<\/span><br \/>\n<span style=\"color: #000000;\">Nj\u00eb Program Auditimi i pjes\u00ebs II \u00ebsht\u00eb mjeti q\u00eb AQSCERT srl ofron p\u00ebr organizatat q\u00eb d\u00ebshirojn\u00eb t\u00eb njohin dhe menaxhojn\u00eb me vet\u00ebdije zinxhirin e tyre t\u00eb furnizimit. Nj\u00eb Program Auditimi i Pjes\u00ebs II garanton nj\u00eb nivel global t\u00eb p\u00ebrputhshm\u00ebris\u00eb p\u00ebr organizatat q\u00eb d\u00ebshirojn\u00eb t\u00eb ruajn\u00eb standardet e tyre dhe t\u00eb mbrojn\u00eb reputacionin e tyre deri n\u00eb deg\u00ebn e fundit t\u00eb rrjetit. Besimi i auditimeve n\u00eb zinxhirin tuaj t\u00eb furnizimit tek AQSCERT srl do t\u00eb thot\u00eb t\u00eb p\u00ebrfitoni jo vet\u00ebm nga objektiviteti i nj\u00eb pale t\u00eb jashtme, por edhe nga metodologjia dhe kompetenca e nj\u00eb organi kompetent p\u00ebr verifikimin, kontrollin dhe aktivitetet e certifikimit. Auditimet p\u00ebrgjat\u00eb zinxhirit t\u00eb furnizimit mund t\u00eb kryhen n\u00eb t\u00eb gjith\u00eb sektor\u00ebt e prodhimit dhe mund t\u00eb p\u00ebrfshijn\u00eb:<\/span><br \/>\n<span style=\"color: #000000;\">\u2022 Ofruesit e sh\u00ebrbimeve<\/span><br \/>\n<span style=\"color: #000000;\">\u2022 Furnizuesit e l\u00ebnd\u00ebve t\u00eb para<\/span><br \/>\n<span style=\"color: #000000;\">\u2022 Faqet me procese t\u00eb jashtme<\/span><br \/>\n<span style=\"color: #000000;\">\u2022 Furnizuesit e produkteve<\/span><br \/>\n<span style=\"color: #000000;\">\u2022 Disa fabrika prodhuese<\/span><br \/>\n<span style=\"color: #000000;\">Cilat jan\u00eb avantazhet kryesore?<\/span><br \/>\n<span style=\"color: #000000;\">Verifikimet e Pal\u00ebs s\u00eb Dyt\u00eb p\u00ebrgjat\u00eb zinxhirit t\u00eb furnizimit lejojn\u00eb arritjen e objektivave t\u00eb till\u00eb si:<\/span><br \/>\n<span style=\"color: #000000;\">\u2022 Monitoroni zinxhirin tuaj t\u00eb furnizimit n\u00eb m\u00ebnyr\u00eb efektive dhe t\u00eb gjer\u00eb<\/span><br \/>\n<span style=\"color: #000000;\">\u2022 P\u00ebrgjoni dhe menaxhoni menj\u00ebher\u00eb situatat e rrezikut<\/span><br \/>\n<span style=\"color: #000000;\">\u2022 Hartoni furnizuesit dhe krahasoni performanc\u00ebn e tyre me kalimin e koh\u00ebs<\/span><br \/>\n<span style=\"color: #000000;\">\u2022 P\u00ebrcaktimi dhe shp\u00ebrndarja e kritereve sfiduese dhe efektive, specifike dhe horizontale t\u00eb QHSE<\/span>[\/vc_column_text][vc_tta_tour color=&#8221;peacoc&#8221;][vc_tta_section title=&#8221;AUDIT INTERNO ISO 17025:2017&#8243; tab_id=&#8221;1672928703280-fd2bed49-c9ac&#8221;][vc_column_text]<span style=\"color: #000000;\"><strong>AUDIT INTERNO ISO 17025<\/strong><\/span><br \/>\n<span style=\"color: #000000;\">Nell&#8217;ambito di questo servizio, AQSCERT srl \u00e8 in grado di operare su pi\u00f9 livelli. In particolare, \u00e8 in grado di sviluppare un progetto personalizzato per il cliente, identificando le esigenze chiave, stabilendo una metodologia di analisi e conducendo i controlli, o aderire alle specifiche predeterminate dal Laboratorio per condurre la pianificazione e l&#8217;analisi da solo. In entrambi i casi, l&#8217;indipendenza di chi esegue l&#8217;audit garantisce un esito oggettivo e puntuale e una riduzione dei costi e delle risorse dedicate al Laboratorio.<\/span><br \/>\n<span style=\"color: #000000;\">Un Programma di Audit Parte II \u00e8 lo strumento che AQSCERT srl fornisce ai laboratori che desiderano conoscere e gestire consapevolmente la propria attivit\u00e0 di test. Un programma di audit Part II fornisce un livello globale di conformit\u00e0 per le organizzazioni che desiderano mantenere i propri standard e proteggere la propria reputazione. Affidarsi agli audit in AQSCERT srl significa avvalersi non solo dell&#8217;obiettivit\u00e0 di un soggetto esterno, ma anche della metodologia e della competenza di un organismo competente per le attivit\u00e0 di verifica, audit e certificazione. Gli audit lungo la catena di approvvigionamento possono essere condotti in tutti i settori di attivit\u00e0 e possono includere:<\/span><br \/>\n<span style=\"color: #000000;\">\u2022 Fornitori di servizi di taratura<\/span><br \/>\n<span style=\"color: #000000;\">\u2022 Fornitori di materie prime come reggenti, utensili, ecc.<\/span><br \/>\n<span style=\"color: #000000;\">\u2022 Siti con processi esterni<\/span><br \/>\n<span style=\"color: #000000;\">\u2022 Applicazione di procedure e metodi di prova<\/span><br \/>\n<span style=\"color: #000000;\">Applicazione dello standard ISO 17025 al sistema di gestione del laboratorio.<\/span><br \/>\n<span style=\"color: #000000;\">\u2022 Alcuni stabilimenti produttivi<\/span><br \/>\n<span style=\"color: #000000;\">Quali sono i principali vantaggi?<\/span><br \/>\n<span style=\"color: #000000;\">Le verifiche di seconda parte consentono il raggiungimento di obiettivi quali:<\/span><br \/>\n<span style=\"color: #000000;\">\u2022 Monitorare in modo efficace e capillare la propria attivit\u00e0 di laboratorio<\/span><br \/>\n<span style=\"color: #000000;\">\u2022 Gestire immediatamente e le situazioni di rischio<\/span><br \/>\n<span style=\"color: #000000;\">\u2022 Mappare i fornitori e confronta le loro prestazioni nel tempo<\/span><br \/>\n<span style=\"color: #000000;\">\u2022 Definizione e implementazione di criteri sfidanti ed efficaci, specifici e orizzontali di QHSE<\/span><br \/>\n<span style=\"color: #000000;\">Soddisfa i requisiti della norma ISO 17025<\/span><\/p>\n<p>&nbsp;[\/vc_column_text][\/vc_tta_section][vc_tta_section title=&#8221;AUDIT INTERNO ISO 17020:2012&#8243; tab_id=&#8221;1672928721024-06551a20-9c8b&#8221;][vc_column_text]<span style=\"color: #000000;\"><strong>AUDIT INTERNO ISO 17020<\/strong><\/span><br \/>\n<span style=\"color: #000000;\">Nell&#8217;ambito di questo servizio, AQSCERT srl \u00e8 in grado di operare su pi\u00f9 livelli. In particolare, \u00e8 in grado di sviluppare un progetto personalizzato per il cliente, identificando le esigenze chiave, stabilendo una metodologia di analisi e conducendo i controlli, o aderire alle specifiche predeterminate dal Laboratorio per condurre la pianificazione e l&#8217;analisi da solo. In entrambi i casi, l&#8217;indipendenza della persona che effettua l&#8217;audit garantisce un esito obiettivo e meticoloso e una riduzione dei costi e delle risorse dedicate dall&#8217;organismo.<\/span><br \/>\n<span style=\"color: #000000;\">Un Programma di Audit Parte II \u00e8 lo strumento che AQSCERT srl fornisce ai laboratori che desiderano conoscere e gestire consapevolmente la propria attivit\u00e0 di test. Un programma di audit Part II fornisce un livello globale di conformit\u00e0 per le organizzazioni che desiderano mantenere i propri standard e proteggere la propria reputazione. Affidarsi agli audit in AQSCERT srl significa avvalersi non solo dell&#8217;obiettivit\u00e0 di un soggetto esterno, ma anche della metodologia e della competenza di un organismo competente per le attivit\u00e0 di verifica, audit e certificazione. Gli audit lungo la catena di approvvigionamento possono essere condotti in tutti i settori di attivit\u00e0 e possono includere:<\/span><br \/>\n<span style=\"color: #000000;\">\u2022 Fornitori di servizi di taratura<\/span><br \/>\n<span style=\"color: #000000;\">\u2022 Fornitori di materie prime, utensili, ecc.<\/span><br \/>\n<span style=\"color: #000000;\">\u2022 Siti con processi esterni<\/span><br \/>\n<span style=\"color: #000000;\">\u2022 Implementazione di procedure e metodi di ispezione<\/span><br \/>\n<span style=\"color: #000000;\">Applicazione dello standard ISO 17020 nel sistema di gestione dell&#8217;organizzazione.<\/span><br \/>\n<span style=\"color: #000000;\">\u2022 Alcuni stabilimenti produttivi<\/span><br \/>\n<span style=\"color: #000000;\">Quali sono i principali vantaggi?<\/span><br \/>\n<span style=\"color: #000000;\">Le verifiche di seconda parte consentono il raggiungimento di obiettivi quali:<\/span><br \/>\n<span style=\"color: #000000;\">\u2022 Monitorare in modo efficace e capillare la propria attivit\u00e0 di laboratorio<\/span><br \/>\n<span style=\"color: #000000;\">\u2022 Gestire immediatamente e le situazioni di rischio<\/span><br \/>\n<span style=\"color: #000000;\">\u2022 Mappare i fornitori e confronta le loro prestazioni nel tempo<\/span><br \/>\n<span style=\"color: #000000;\">\u2022 Definizione e implementazione di criteri sfidanti ed efficaci, specifici e orizzontali di QHSE<\/span><br \/>\n<span style=\"color: #000000;\">Soddisfare i requisiti della norma ISO 17020<\/span>[\/vc_column_text][\/vc_tta_section][vc_tta_section title=&#8221;AUDIT INTERNO ISO 17024:2012&#8243; tab_id=&#8221;1672928735216-24463313-8fc6&#8243;][vc_column_text]<span style=\"color: #000000;\"><strong>AUDIT INTERNO ISO 17024<\/strong><\/span><br \/>\n<span style=\"color: #000000;\">Nell&#8217;ambito di questo servizio, AQSCERT srl \u00e8 in grado di operare su pi\u00f9 livelli. In particolare, \u00e8 in grado di sviluppare un progetto personalizzato per il cliente, identificando le esigenze chiave, stabilendo una metodologia di analisi e conducendo controlli, o aderire alle specifiche predeterminate dall&#8217;ente per effettuare solo pianificazione e analisi. In entrambi i casi, l&#8217;indipendenza della persona che effettua l&#8217;audit garantisce un esito obiettivo e meticoloso e una riduzione dei costi e delle risorse dedicate dall&#8217;organismo.<\/span><br \/>\n<span style=\"color: #000000;\">Un Programma di Audit Parte II \u00e8 lo strumento che AQSCERT srl fornisce ai laboratori che desiderano conoscere e gestire consapevolmente la propria attivit\u00e0 di test. Un programma di audit Part II fornisce un livello globale di conformit\u00e0 per le organizzazioni che desiderano mantenere i propri standard e proteggere la propria reputazione. Affidarsi agli audit in AQSCERT srl significa avvalersi non solo dell&#8217;obiettivit\u00e0 di un soggetto esterno, ma anche della metodologia e della competenza di un organismo competente per le attivit\u00e0 di verifica, audit e certificazione. Gli audit lungo la catena di approvvigionamento possono essere condotti in tutti i settori di attivit\u00e0 e possono includere:<\/span><br \/>\n<span style=\"color: #000000;\">\u2022Fornitori<\/span><br \/>\n<span style=\"color: #000000;\">\u2022 Fornitori di materie prime, utensili, ecc.<\/span><br \/>\n<span style=\"color: #000000;\">\u2022 Siti con processi esterni<\/span><br \/>\n<span style=\"color: #000000;\">\u2022 Implementazione di procedure e metodi di ispezione<\/span><br \/>\n<span style=\"color: #000000;\">Applicazione della ISO 17024 nel sistema di gestione dell&#8217;organizzazione.<\/span><br \/>\n<span style=\"color: #000000;\">\u2022 Alcuni stabilimenti produttivi<\/span><br \/>\n<span style=\"color: #000000;\">Quali sono i principali vantaggi?<\/span><br \/>\n<span style=\"color: #000000;\">Le verifiche di seconda parte consentono il raggiungimento di obiettivi quali:<\/span><br \/>\n<span style=\"color: #000000;\">\u2022 Monitorare in modo efficace e capillare la propria attivit\u00e0 di laboratorio<\/span><br \/>\n<span style=\"color: #000000;\">\u2022 Gestire immediatamente e le situazioni di rischio<\/span><br \/>\n<span style=\"color: #000000;\">\u2022 Mappare i fornitori e confronta le loro prestazioni nel tempo<\/span><br \/>\n<span style=\"color: #000000;\">\u2022 Definizione e implementazione di criteri sfidanti ed efficaci, specifici e orizzontali di QHSE<\/span><br \/>\n<span style=\"color: #000000;\">Soddisfare i requisiti della norma ISO 17024<\/span>[\/vc_column_text][\/vc_tta_section][vc_tta_section title=&#8221;AUDIT INTERNO ISO 17065:2012&#8243; tab_id=&#8221;1672928749569-eb47c770-6df8&#8243;][vc_column_text]<span style=\"color: #000000;\"><strong>AUDIT INTERNO ISO 17065<\/strong><\/span><br \/>\n<span style=\"color: #000000;\">Nell&#8217;ambito di questo servizio, AQSCERT srl \u00e8 in grado di operare su pi\u00f9 livelli. In particolare, \u00e8 in grado di sviluppare un progetto personalizzato per il cliente, identificando le esigenze chiave, stabilendo una metodologia di analisi e conducendo controlli, o aderire alle specifiche predeterminate dall&#8217;ente per effettuare solo pianificazione e analisi. In entrambi i casi, l&#8217;indipendenza della persona che effettua l&#8217;audit garantisce un esito obiettivo e meticoloso e una riduzione dei costi e delle risorse dedicate dall&#8217;organismo.<\/span><br \/>\n<span style=\"color: #000000;\">Un Programma di Audit Parte II \u00e8 lo strumento che AQSCERT srl fornisce ai laboratori che desiderano conoscere e gestire consapevolmente la propria attivit\u00e0 di test. Un programma di audit Part II fornisce un livello globale di conformit\u00e0 per le organizzazioni che desiderano mantenere i propri standard e proteggere la propria reputazione. Affidarsi agli audit in AQSCERT srl significa avvalersi non solo dell&#8217;obiettivit\u00e0 di un soggetto esterno, ma anche della metodologia e della competenza di un organismo competente per le attivit\u00e0 di verifica, audit e certificazione. Gli audit lungo la catena di approvvigionamento possono essere condotti in tutti i settori di attivit\u00e0 e possono includere:<\/span><br \/>\n<span style=\"color: #000000;\">\u2022Fornitori<\/span><br \/>\n<span style=\"color: #000000;\">\u2022 Fornitori di materie prime, utensili, ecc.<\/span><br \/>\n<span style=\"color: #000000;\">\u2022 Siti con processi esterni<\/span><br \/>\n<span style=\"color: #000000;\">\u2022 Implementazione di procedure e metodi di ispezione<\/span><br \/>\n<span style=\"color: #000000;\">Applicazione della ISO 17065 nel sistema di gestione dell&#8217;organizzazione.<\/span><br \/>\n<span style=\"color: #000000;\">\u2022 Alcuni stabilimenti produttivi<\/span><br \/>\n<span style=\"color: #000000;\">Quali sono i principali vantaggi?<\/span><br \/>\n<span style=\"color: #000000;\">Le verifiche di seconda parte consentono il raggiungimento di obiettivi quali:<\/span><br \/>\n<span style=\"color: #000000;\">\u2022 Monitorare in modo efficace e capillare la propria attivit\u00e0 di laboratorio<\/span><br \/>\n<span style=\"color: #000000;\">\u2022 Gestire immediatamente e le situazioni di rischio<\/span><br \/>\n<span style=\"color: #000000;\">\u2022 Mappare i fornitori e confronta le loro prestazioni nel tempo<\/span><br \/>\n<span style=\"color: #000000;\">\u2022 Definizione e implementazione di criteri sfidanti ed efficaci, specifici e orizzontali di QHSE<\/span><br \/>\n<span style=\"color: #000000;\">Soddisfare i requisiti della norma ISO 17065<\/span>[\/vc_column_text][\/vc_tta_section][\/vc_tta_tour][\/vc_column][\/vc_row]<\/p>\n<\/div>","protected":false},"excerpt":{"rendered":"<p>[vc_row tm_bgimagefixed=&#8221;&#8221;][vc_column][vc_column_text]Nj\u00eb auditim \u00ebsht\u00eb padyshim m\u00ebnyra m\u00eb e menj\u00ebhershme dhe m\u00eb e plot\u00eb p\u00ebr t\u00eb kontrolluar nj\u00eb sistem menaxhimi. I p\u00ebrb\u00ebr\u00eb nga nj\u00eb s\u00ebr\u00eb aktivitetesh q\u00eb i atribuohen verifikimit t\u00eb p\u00ebrputhshm\u00ebris\u00eb s\u00eb k\u00ebsaj t\u00eb fundit, ai p\u00ebrb\u00ebhet nga nj\u00eb s\u00ebr\u00eb procedurash q\u00eb synojn\u00eb t\u00eb garantojn\u00eb funksionimin efektiv t\u00eb proceseve. Disiplina mbi k\u00ebt\u00eb tem\u00eb na lejon &hellip; <a href=\"https:\/\/www.aqscert.org\/it\/audit-del-ii\/\" class=\"more-link\">Continue reading <span class=\"screen-reader-text\">Audit del II<\/span><\/a><\/p>\n","protected":false},"author":1,"featured_media":0,"parent":0,"menu_order":0,"comment_status":"closed","ping_status":"closed","template":"","meta":{"_eb_attr":"","footnotes":""},"class_list":["post-8009","page","type-page","status-publish","hentry"],"_links":{"self":[{"href":"https:\/\/www.aqscert.org\/it\/wp-json\/wp\/v2\/pages\/8009","targetHints":{"allow":["GET"]}}],"collection":[{"href":"https:\/\/www.aqscert.org\/it\/wp-json\/wp\/v2\/pages"}],"about":[{"href":"https:\/\/www.aqscert.org\/it\/wp-json\/wp\/v2\/types\/page"}],"author":[{"embeddable":true,"href":"https:\/\/www.aqscert.org\/it\/wp-json\/wp\/v2\/users\/1"}],"replies":[{"embeddable":true,"href":"https:\/\/www.aqscert.org\/it\/wp-json\/wp\/v2\/comments?post=8009"}],"version-history":[{"count":20,"href":"https:\/\/www.aqscert.org\/it\/wp-json\/wp\/v2\/pages\/8009\/revisions"}],"predecessor-version":[{"id":8637,"href":"https:\/\/www.aqscert.org\/it\/wp-json\/wp\/v2\/pages\/8009\/revisions\/8637"}],"wp:attachment":[{"href":"https:\/\/www.aqscert.org\/it\/wp-json\/wp\/v2\/media?parent=8009"}],"curies":[{"name":"wp","href":"https:\/\/api.w.org\/{rel}","templated":true}]}}